{"id":3,"date":"2021-01-06T21:09:05","date_gmt":"2021-01-06T21:09:05","guid":{"rendered":"https:\/\/maklerei-hartmann.de\/?page_id=3"},"modified":"2022-01-10T14:51:22","modified_gmt":"2022-01-10T14:51:22","slug":"impressum","status":"publish","type":"page","link":"https:\/\/maklerei-hartmann.de\/en\/impressum\/","title":{"rendered":"Legal notice"},"content":{"rendered":"<div data-elementor-type=\"wp-page\" data-elementor-id=\"3\" class=\"elementor elementor-3\">\n\t\t\t\t\t\t<section class=\"elementor-section elementor-top-section elementor-element elementor-element-6f57535b elementor-section-boxed elementor-section-height-default elementor-section-height-default\" data-id=\"6f57535b\" data-element_type=\"section\">\n\t\t\t\t\t\t<div class=\"elementor-container elementor-column-gap-default\">\n\t\t\t\t\t<div class=\"elementor-column elementor-col-100 elementor-top-column elementor-element elementor-element-4a94edad\" data-id=\"4a94edad\" data-element_type=\"column\">\n\t\t\t<div class=\"elementor-widget-wrap elementor-element-populated\">\n\t\t\t\t\t\t<div class=\"elementor-element elementor-element-455035c3 elementor-widget elementor-widget-text-editor\" data-id=\"455035c3\" data-element_type=\"widget\" data-widget_type=\"text-editor.default\">\n\t\t\t\t<div class=\"elementor-widget-container\">\n\t\t\t\t\t\t\t\t\t<p><\/p>\n<h2 class=\"wp-block-heading\">&nbsp;<\/h2>\n<h2><strong>Legal notice<\/strong><\/h2>\n<div><strong>&nbsp;<\/strong><\/div>\n<h3><strong>1. Angaben gem\u00e4\u00df \u00a7 5 TMG<\/strong><\/h3>\n<div>\n<p><strong>Die Maklerei Hartmann&nbsp;<\/strong><br><strong>Saarstrasse 22<\/strong><br><strong>15569 Woltersdorf <\/strong><br><strong>Inhaber\/Gesch\u00e4ftsf\u00fchrer Kai Hartmann<\/strong><br><strong>Telefon: 0157 937 40 20<\/strong><br><strong>Internet:&nbsp;www.maklerei-hartmann.de<\/strong><br><strong>E-Mail: info@maklerei-hartmann.de<\/strong><\/p>\n<p><strong>Zulassung gem\u00e4\u00df \u00a7 34c Gewerbeordnung (GewO)<\/strong><br><strong>Register: Gemeinde Woltersdorf<\/strong><\/p>\n<p><strong style=\"font-size: 1rem;\">Umsatzsteuer<\/strong><span style=\"font-size: 1rem;\">:<\/span><\/p>\n<\/div>\n<p>Kein Umsatzsteuerausweis aufgrund Anwendung der Kleinunternehmerregelung gem\u00e4\u00df \u00a7 19 UStG.<\/p>\n<p><strong>Aufsichtsbeh\u00f6rde:<\/strong><br>Genehmigung nach \u00a7 34 c GewO durch die zust\u00e4ndige Aufsichtsbeh\u00f6rde:<\/p>\n<p>Gemeinde Woltersdorf Gewerbeangelegenheiten&nbsp;<br>R.-Breitscheid-Stra\u00dfe 23<br>15569 Woltersdorf<\/p>\n<p><strong>Angaben zur Berufshaftpflichtversicherung<\/strong><br>VHV Allgemeine Versicherung AG<br>VHV Platz 1&nbsp;<br>30177 Hannover<\/p>\n<p><strong>Verantwortlich f\u00fcr den Inhalt nach \u00a7 55 Abs. 2 RStV:<\/strong><br>Kai Hartmann (Anschrift wie oben)<\/p>\n<h3><strong>2. Verbraucherinformationen:<\/strong><\/h3>\n<p>Die Europ\u00e4ische Kommission stellt eine Plattform zur Online-Streitbeilegung (OS) bereit:&nbsp;<a href=\"https:\/\/ec.europa.eu\/consumers\/odr\" rel=\"nofollow\">https:\/\/ec.europa.eu\/consumers\/odr<\/a>.&nbsp;Unsere E-Mail-Adresse finden Sie oben im Impressum.&nbsp;Wir sind nicht bereit oder verpflichtet, an Streitbeilegungsverfahren vor einer Verbraucherschlichtungsstelle teilzunehmen.<\/p>\n<h3><strong>3. Haftung f\u00fcr Inhalte<\/strong><\/h3>\n<p>Als Diensteanbieter sind wir gem\u00e4\u00df \u00a7 7 Abs.1 TMG f\u00fcr eigene Inhalte auf diesen Seiten nach den allgemeinen Gesetzen verantwortlich. Nach \u00a7\u00a7 8 bis 10 TMG sind wir als Diensteanbieter jedoch nicht verpflichtet, \u00fcbermittelte oder gespeicherte fremde Informationen zu \u00fcberwachen oder nach Umst\u00e4nden zu forschen, die auf eine rechtswidrige T\u00e4tigkeit hinweisen.<\/p>\n<p>Verpflichtungen zur Entfernung oder Sperrung der Nutzung von Informationen nach den allgemeinen Gesetzen bleiben hiervon unber\u00fchrt. Eine diesbez\u00fcgliche Haftung ist jedoch erst ab dem Zeitpunkt der Kenntnis einer konkreten Rechtsverletzung m\u00f6glich. Bei Bekanntwerden von entsprechenden Rechtsverletzungen werden wir diese Inhalte umgehend entfernen.<\/p>\n<p><strong>Haftung f\u00fcr Links<\/strong><br>Unser Angebot enth\u00e4lt Links zu externen Websites Dritter, auf deren Inhalte wir keinen Einfluss haben. Deshalb k\u00f6nnen wir f\u00fcr diese fremden Inhalte auch keine Gew\u00e4hr \u00fcbernehmen. F\u00fcr die Inhalte der verlinkten Seiten ist stets der jeweilige Anbieter oder Betreiber der Seiten verantwortlich. Die verlinkten Seiten wurden zum Zeitpunkt der Verlinkung auf m\u00f6gliche Rechtsverst\u00f6\u00dfe \u00fcberpr\u00fcft. Rechtswidrige Inhalte waren zum Zeitpunkt der Verlinkung nicht erkennbar.<\/p>\n<p>Eine permanente inhaltliche Kontrolle der verlinkten Seiten ist jedoch ohne konkrete Anhaltspunkte einer Rechtsverletzung nicht zumutbar. Bei Bekanntwerden von Rechtsverletzungen werden wir derartige Links umgehend entfernen.<\/p>\n<p><strong>Urheberrecht<\/strong><br>Die durch die Seitenbetreiber erstellten Werke und Inhalte auf diesen Seiten unterliegen dem deutschen Urheberrecht. Die Bearbeitung, Vervielf\u00e4ltigung, Verbreitung und jede Art der Verwertung au\u00dferhalb der Grenzen des Urheberrechtes bed\u00fcrfen der schriftlichen Zustimmung des jeweiligen Autors bzw. Erstellers. Kopien und Downloads dieser Seite sind nur f\u00fcr den privaten, nicht kommerziellen Gebrauch gestattet.<\/p>\n<p>Soweit die Inhalte auf dieser Seite nicht vom Betreiber erstellt wurden, werden die Urheberrechte Dritter beachtet. Insbesondere werden Inhalte Dritter als solche gekennzeichnet. Sollten Sie trotzdem auf eine Urheberrechtsverletzung aufmerksam werden, bitten wir um einen entsprechenden Hinweis. Bei Bekanntwerden von Rechtsverletzungen werden wir derartige Inhalte umgehend entfernen.<\/p>\n<p>Redaktion\/ Webdesign \/ Texte: Kai Hartmann&nbsp;<\/p>\n<p>Diese Webseite enth\u00e4lt durch istockphoto,unsplash und pixabay lizenzierte und lizenzfreie Grafiken und Fotografien.<\/p><p>Istockfoto: Webseite: https:\/\/www.istockphoto.com\/en\/legal\/terms-of-use <br>Lizenz: https:\/\/www.istockphoto.com\/en\/legal\/license-agreement<\/p>\n<p>Pixabay: Website: https:\/\/pixabay.com\/<br>Lizenz: CC0 \u2013&nbsp;https:\/\/pixabay.com\/de\/service\/terms\/<\/p>\n<p>Unsplash: Website: https:\/\/unsplash.com\/<br>Lizenz: CC0 \u2013&nbsp; https:\/\/unsplash.com\/license, https:\/\/unsplash.com\/terms<\/p>\n<p><\/p>\n<p><\/p>\t\t\t\t\t\t\t\t<\/div>\n\t\t\t\t<\/div>\n\t\t\t\t\t<\/div>\n\t\t<\/div>\n\t\t\t\t\t<\/div>\n\t\t<\/section>\n\t\t\t\t<\/div>","protected":false},"excerpt":{"rendered":"<p>&nbsp; Impressum &nbsp; 1. Angaben gem\u00e4\u00df \u00a7 5 TMG Die Maklerei Hartmann&nbsp;Saarstrasse 2215569 Woltersdorf Inhaber\/Gesch\u00e4ftsf\u00fchrer Kai HartmannTelefon: 0157 937 40 20Internet:&nbsp;www.maklerei-hartmann.deE-Mail: info@maklerei-hartmann.de Zulassung gem\u00e4\u00df \u00a7 34c Gewerbeordnung (GewO)Register: Gemeinde Woltersdorf Umsatzsteuer: Kein Umsatzsteuerausweis aufgrund Anwendung der Kleinunternehmerregelung gem\u00e4\u00df \u00a7 19 UStG. Aufsichtsbeh\u00f6rde:Genehmigung nach \u00a7 34 c GewO durch die zust\u00e4ndige Aufsichtsbeh\u00f6rde: Gemeinde Woltersdorf Gewerbeangelegenheiten&nbsp;R.-Breitscheid-Stra\u00dfe 2315569 &hellip; <\/p>\n<p class=\"link-more\"><a href=\"https:\/\/maklerei-hartmann.de\/en\/impressum\/\" class=\"more-link\">Read More <span class=\"screen-reader-text\"> &#8222;Impressum&#8220;<\/span><\/a><\/p>","protected":false},"author":1,"featured_media":0,"parent":0,"menu_order":0,"comment_status":"closed","ping_status":"open","template":"","meta":{"inline_featured_image":false,"footnotes":""},"class_list":["post-3","page","type-page","status-publish","hentry"],"yoast_head":"<!-- This site is optimized with the Yoast SEO plugin v25.9 - https:\/\/yoast.com\/wordpress\/plugins\/seo\/ -->\n<title>Impressum | DIE MAKLEREI | Immobilienmakler Berlin &amp; Brandenburg |<\/title>\n<meta name=\"robots\" content=\"noindex, follow\" \/>\n<meta property=\"og:locale\" content=\"en_US\" \/>\n<meta property=\"og:type\" content=\"article\" \/>\n<meta property=\"og:title\" content=\"Impressum | DIE MAKLEREI | Immobilienmakler Berlin &amp; Brandenburg |\" \/>\n<meta property=\"og:description\" content=\"&nbsp; Impressum &nbsp; 1. Angaben gem\u00e4\u00df \u00a7 5 TMG Die Maklerei Hartmann&nbsp;Saarstrasse 2215569 Woltersdorf Inhaber\/Gesch\u00e4ftsf\u00fchrer Kai HartmannTelefon: 0157 937 40 20Internet:&nbsp;www.maklerei-hartmann.deE-Mail: info@maklerei-hartmann.de Zulassung gem\u00e4\u00df \u00a7 34c Gewerbeordnung (GewO)Register: Gemeinde Woltersdorf Umsatzsteuer: Kein Umsatzsteuerausweis aufgrund Anwendung der Kleinunternehmerregelung gem\u00e4\u00df \u00a7 19 UStG. Aufsichtsbeh\u00f6rde:Genehmigung nach \u00a7 34 c GewO durch die zust\u00e4ndige Aufsichtsbeh\u00f6rde: Gemeinde Woltersdorf Gewerbeangelegenheiten&nbsp;R.-Breitscheid-Stra\u00dfe 2315569 &hellip; Read More &quot;Impressum&quot;\" \/>\n<meta property=\"og:url\" content=\"https:\/\/maklerei-hartmann.de\/en\/impressum\/\" \/>\n<meta property=\"og:site_name\" content=\"| DIE MAKLEREI | Immobilienmakler Berlin &amp; Brandenburg |\" \/>\n<meta property=\"article:modified_time\" content=\"2022-01-10T14:51:22+00:00\" \/>\n<meta name=\"twitter:card\" content=\"summary_large_image\" \/>\n<meta name=\"twitter:label1\" content=\"Est. reading time\" \/>\n\t<meta name=\"twitter:data1\" content=\"3 minutes\" \/>\n<script type=\"application\/ld+json\" class=\"yoast-schema-graph\">{\"@context\":\"https:\/\/schema.org\",\"@graph\":[{\"@type\":\"WebPage\",\"@id\":\"https:\/\/maklerei-hartmann.de\/impressum\/\",\"url\":\"https:\/\/maklerei-hartmann.de\/impressum\/\",\"name\":\"Impressum | DIE MAKLEREI | Immobilienmakler Berlin &amp; Brandenburg |\",\"isPartOf\":{\"@id\":\"https:\/\/maklerei-hartmann.de\/#website\"},\"datePublished\":\"2021-01-06T21:09:05+00:00\",\"dateModified\":\"2022-01-10T14:51:22+00:00\",\"breadcrumb\":{\"@id\":\"https:\/\/maklerei-hartmann.de\/impressum\/#breadcrumb\"},\"inLanguage\":\"en-US\",\"potentialAction\":[{\"@type\":\"ReadAction\",\"target\":[\"https:\/\/maklerei-hartmann.de\/impressum\/\"]}]},{\"@type\":\"BreadcrumbList\",\"@id\":\"https:\/\/maklerei-hartmann.de\/impressum\/#breadcrumb\",\"itemListElement\":[{\"@type\":\"ListItem\",\"position\":1,\"name\":\"Startseite\",\"item\":\"https:\/\/maklerei-hartmann.de\/\"},{\"@type\":\"ListItem\",\"position\":2,\"name\":\"Impressum\"}]},{\"@type\":\"WebSite\",\"@id\":\"https:\/\/maklerei-hartmann.de\/#website\",\"url\":\"https:\/\/maklerei-hartmann.de\/\",\"name\":\"| DIE MAKLEREI | Immobilienmakler Berlin &amp; Brandenburg |\",\"description\":\"| DIE MAKLEREI | Immobilienmakler Berlin &amp; Brandenburg |\",\"publisher\":{\"@id\":\"https:\/\/maklerei-hartmann.de\/#\/schema\/person\/5fd1c9516b8bc7499880846c5fb92d91\"},\"potentialAction\":[{\"@type\":\"SearchAction\",\"target\":{\"@type\":\"EntryPoint\",\"urlTemplate\":\"https:\/\/maklerei-hartmann.de\/?s={search_term_string}\"},\"query-input\":{\"@type\":\"PropertyValueSpecification\",\"valueRequired\":true,\"valueName\":\"search_term_string\"}}],\"inLanguage\":\"en-US\"},{\"@type\":[\"Person\",\"Organization\"],\"@id\":\"https:\/\/maklerei-hartmann.de\/#\/schema\/person\/5fd1c9516b8bc7499880846c5fb92d91\",\"name\":\"Kai\",\"image\":{\"@type\":\"ImageObject\",\"inLanguage\":\"en-US\",\"@id\":\"https:\/\/maklerei-hartmann.de\/#\/schema\/person\/image\/\",\"url\":\"https:\/\/maklerei-hartmann.de\/wp-content\/uploads\/2021\/03\/DIE-MAKLEREI-fuer-URL-.png\",\"contentUrl\":\"https:\/\/maklerei-hartmann.de\/wp-content\/uploads\/2021\/03\/DIE-MAKLEREI-fuer-URL-.png\",\"width\":999,\"height\":999,\"caption\":\"Kai\"},\"logo\":{\"@id\":\"https:\/\/maklerei-hartmann.de\/#\/schema\/person\/image\/\"},\"sameAs\":[\"https:\/\/maklerei-hartmann.de\"]}]}<\/script>\n<!-- \/ Yoast SEO plugin. -->","yoast_head_json":{"title":"Impressum | DIE MAKLEREI | Immobilienmakler Berlin &amp; Brandenburg |","robots":{"index":"noindex","follow":"follow"},"og_locale":"en_US","og_type":"article","og_title":"Impressum | DIE MAKLEREI | Immobilienmakler Berlin &amp; Brandenburg |","og_description":"&nbsp; Impressum &nbsp; 1. Angaben gem\u00e4\u00df \u00a7 5 TMG Die Maklerei Hartmann&nbsp;Saarstrasse 2215569 Woltersdorf Inhaber\/Gesch\u00e4ftsf\u00fchrer Kai HartmannTelefon: 0157 937 40 20Internet:&nbsp;www.maklerei-hartmann.deE-Mail: info@maklerei-hartmann.de Zulassung gem\u00e4\u00df \u00a7 34c Gewerbeordnung (GewO)Register: Gemeinde Woltersdorf Umsatzsteuer: Kein Umsatzsteuerausweis aufgrund Anwendung der Kleinunternehmerregelung gem\u00e4\u00df \u00a7 19 UStG. Aufsichtsbeh\u00f6rde:Genehmigung nach \u00a7 34 c GewO durch die zust\u00e4ndige Aufsichtsbeh\u00f6rde: Gemeinde Woltersdorf Gewerbeangelegenheiten&nbsp;R.-Breitscheid-Stra\u00dfe 2315569 &hellip; Read More \"Impressum\"","og_url":"https:\/\/maklerei-hartmann.de\/en\/impressum\/","og_site_name":"| DIE MAKLEREI | Immobilienmakler Berlin &amp; Brandenburg |","article_modified_time":"2022-01-10T14:51:22+00:00","twitter_card":"summary_large_image","twitter_misc":{"Est. reading time":"3 minutes"},"schema":{"@context":"https:\/\/schema.org","@graph":[{"@type":"WebPage","@id":"https:\/\/maklerei-hartmann.de\/impressum\/","url":"https:\/\/maklerei-hartmann.de\/impressum\/","name":"Impressum | DIE MAKLEREI | Immobilienmakler Berlin &amp; Brandenburg |","isPartOf":{"@id":"https:\/\/maklerei-hartmann.de\/#website"},"datePublished":"2021-01-06T21:09:05+00:00","dateModified":"2022-01-10T14:51:22+00:00","breadcrumb":{"@id":"https:\/\/maklerei-hartmann.de\/impressum\/#breadcrumb"},"inLanguage":"en-US","potentialAction":[{"@type":"ReadAction","target":["https:\/\/maklerei-hartmann.de\/impressum\/"]}]},{"@type":"BreadcrumbList","@id":"https:\/\/maklerei-hartmann.de\/impressum\/#breadcrumb","itemListElement":[{"@type":"ListItem","position":1,"name":"Startseite","item":"https:\/\/maklerei-hartmann.de\/"},{"@type":"ListItem","position":2,"name":"Impressum"}]},{"@type":"WebSite","@id":"https:\/\/maklerei-hartmann.de\/#website","url":"https:\/\/maklerei-hartmann.de\/","name":"| DIE MAKLEREI | Immobilienmakler Berlin &amp; Brandenburg |","description":"| DIE MAKLEREI | Immobilienmakler Berlin &amp; Brandenburg |","publisher":{"@id":"https:\/\/maklerei-hartmann.de\/#\/schema\/person\/5fd1c9516b8bc7499880846c5fb92d91"},"potentialAction":[{"@type":"SearchAction","target":{"@type":"EntryPoint","urlTemplate":"https:\/\/maklerei-hartmann.de\/?s={search_term_string}"},"query-input":{"@type":"PropertyValueSpecification","valueRequired":true,"valueName":"search_term_string"}}],"inLanguage":"en-US"},{"@type":["Person","Organization"],"@id":"https:\/\/maklerei-hartmann.de\/#\/schema\/person\/5fd1c9516b8bc7499880846c5fb92d91","name":"Kai","image":{"@type":"ImageObject","inLanguage":"en-US","@id":"https:\/\/maklerei-hartmann.de\/#\/schema\/person\/image\/","url":"https:\/\/maklerei-hartmann.de\/wp-content\/uploads\/2021\/03\/DIE-MAKLEREI-fuer-URL-.png","contentUrl":"https:\/\/maklerei-hartmann.de\/wp-content\/uploads\/2021\/03\/DIE-MAKLEREI-fuer-URL-.png","width":999,"height":999,"caption":"Kai"},"logo":{"@id":"https:\/\/maklerei-hartmann.de\/#\/schema\/person\/image\/"},"sameAs":["https:\/\/maklerei-hartmann.de"]}]}},"_links":{"self":[{"href":"https:\/\/maklerei-hartmann.de\/en\/wp-json\/wp\/v2\/pages\/3","targetHints":{"allow":["GET"]}}],"collection":[{"href":"https:\/\/maklerei-hartmann.de\/en\/wp-json\/wp\/v2\/pages"}],"about":[{"href":"https:\/\/maklerei-hartmann.de\/en\/wp-json\/wp\/v2\/types\/page"}],"author":[{"embeddable":true,"href":"https:\/\/maklerei-hartmann.de\/en\/wp-json\/wp\/v2\/users\/1"}],"replies":[{"embeddable":true,"href":"https:\/\/maklerei-hartmann.de\/en\/wp-json\/wp\/v2\/comments?post=3"}],"version-history":[{"count":62,"href":"https:\/\/maklerei-hartmann.de\/en\/wp-json\/wp\/v2\/pages\/3\/revisions"}],"predecessor-version":[{"id":3507,"href":"https:\/\/maklerei-hartmann.de\/en\/wp-json\/wp\/v2\/pages\/3\/revisions\/3507"}],"wp:attachment":[{"href":"https:\/\/maklerei-hartmann.de\/en\/wp-json\/wp\/v2\/media?parent=3"}],"curies":[{"name":"wp","href":"https:\/\/api.w.org\/{rel}","templated":true}]}}