{"id":2719,"date":"2021-03-07T19:32:47","date_gmt":"2021-03-07T19:32:47","guid":{"rendered":"https:\/\/maklerei-hartmann.de\/?page_id=2719"},"modified":"2022-01-06T16:26:13","modified_gmt":"2022-01-06T16:26:13","slug":"vielen-dank","status":"publish","type":"page","link":"https:\/\/maklerei-hartmann.de\/en\/vielen-dank\/","title":{"rendered":"Vielen Dank f\u00fcr Ihre Anfrage"},"content":{"rendered":"<div data-elementor-type=\"wp-post\" data-elementor-id=\"2719\" class=\"elementor elementor-2719\">\n\t\t\t\t\t\t<section class=\"elementor-section elementor-top-section elementor-element elementor-element-9c79cd6 elementor-section-stretched elementor-section-boxed elementor-section-height-default elementor-section-height-default\" data-id=\"9c79cd6\" data-element_type=\"section\" data-settings=\"{&quot;stretch_section&quot;:&quot;section-stretched&quot;}\">\n\t\t\t\t\t\t<div class=\"elementor-container elementor-column-gap-default\">\n\t\t\t\t\t<div class=\"elementor-column elementor-col-100 elementor-top-column elementor-element elementor-element-f98b082\" data-id=\"f98b082\" data-element_type=\"column\">\n\t\t\t<div class=\"elementor-widget-wrap elementor-element-populated\">\n\t\t\t\t\t\t<div class=\"elementor-element elementor-element-10db94d elementor-widget elementor-widget-spacer\" data-id=\"10db94d\" data-element_type=\"widget\" data-widget_type=\"spacer.default\">\n\t\t\t\t<div class=\"elementor-widget-container\">\n\t\t\t\t\t\t\t<div class=\"elementor-spacer\">\n\t\t\t<div class=\"elementor-spacer-inner\"><\/div>\n\t\t<\/div>\n\t\t\t\t\t\t<\/div>\n\t\t\t\t<\/div>\n\t\t\t\t\t<\/div>\n\t\t<\/div>\n\t\t\t\t\t<\/div>\n\t\t<\/section>\n\t\t\t\t<section class=\"elementor-section elementor-top-section elementor-element elementor-element-03f06f4 elementor-section-stretched elementor-section-boxed elementor-section-height-default elementor-section-height-default\" data-id=\"03f06f4\" data-element_type=\"section\" data-settings=\"{&quot;stretch_section&quot;:&quot;section-stretched&quot;}\">\n\t\t\t\t\t\t<div class=\"elementor-container elementor-column-gap-default\">\n\t\t\t\t\t<div class=\"elementor-column elementor-col-100 elementor-top-column elementor-element elementor-element-074781b\" data-id=\"074781b\" data-element_type=\"column\">\n\t\t\t<div class=\"elementor-widget-wrap elementor-element-populated\">\n\t\t\t\t\t\t<div class=\"elementor-element elementor-element-c115c1c elementor-widget elementor-widget-heading\" data-id=\"c115c1c\" data-element_type=\"widget\" data-widget_type=\"heading.default\">\n\t\t\t\t<div class=\"elementor-widget-container\">\n\t\t\t\t\t<i aria-hidden=\"true\" class=\"icon_before opal-icon-decor\"><\/i><h2 class=\"elementor-heading-title elementor-size-default\">Vielen Dank f\u00fcr Ihre Anfrage<\/h2>\t\t\t\t<\/div>\n\t\t\t\t<\/div>\n\t\t\t\t<div class=\"elementor-element elementor-element-a74d90c elementor-widget elementor-widget-spacer\" data-id=\"a74d90c\" data-element_type=\"widget\" data-widget_type=\"spacer.default\">\n\t\t\t\t<div class=\"elementor-widget-container\">\n\t\t\t\t\t\t\t<div class=\"elementor-spacer\">\n\t\t\t<div class=\"elementor-spacer-inner\"><\/div>\n\t\t<\/div>\n\t\t\t\t\t\t<\/div>\n\t\t\t\t<\/div>\n\t\t\t\t\t<\/div>\n\t\t<\/div>\n\t\t\t\t\t<\/div>\n\t\t<\/section>\n\t\t\t\t<section class=\"elementor-section elementor-top-section elementor-element elementor-element-5b8d41b elementor-section-boxed elementor-section-height-default elementor-section-height-default\" data-id=\"5b8d41b\" data-element_type=\"section\">\n\t\t\t\t\t\t<div class=\"elementor-container elementor-column-gap-default\">\n\t\t\t\t\t<div class=\"elementor-column elementor-col-100 elementor-top-column elementor-element elementor-element-d9da0ba\" data-id=\"d9da0ba\" data-element_type=\"column\">\n\t\t\t<div class=\"elementor-widget-wrap elementor-element-populated\">\n\t\t\t\t\t\t<div class=\"elementor-element elementor-element-3cf7c68 elementor-widget elementor-widget-text-editor\" data-id=\"3cf7c68\" data-element_type=\"widget\" data-widget_type=\"text-editor.default\">\n\t\t\t\t<div class=\"elementor-widget-container\">\n\t\t\t\t\t\t\t\t\t<p>Wir werden uns schnellstm\u00f6glich bei Ihnen melden!<\/p>\t\t\t\t\t\t\t\t<\/div>\n\t\t\t\t<\/div>\n\t\t\t\t\t<\/div>\n\t\t<\/div>\n\t\t\t\t\t<\/div>\n\t\t<\/section>\n\t\t\t\t<\/div>","protected":false},"excerpt":{"rendered":"<p>Vielen Dank f\u00fcr Ihre Anfrage Wir werden uns schnellstm\u00f6glich bei Ihnen melden!<\/p>","protected":false},"author":1,"featured_media":0,"parent":0,"menu_order":0,"comment_status":"closed","ping_status":"closed","template":"page-elementor.php","meta":{"inline_featured_image":false,"footnotes":""},"class_list":["post-2719","page","type-page","status-publish","hentry"],"yoast_head":"<!-- This site is optimized with the Yoast SEO plugin v25.9 - https:\/\/yoast.com\/wordpress\/plugins\/seo\/ -->\n<title>Vielen Dank f\u00fcr Ihre Anfrage | DIE MAKLEREI | Immobilienmakler Berlin &amp; Brandenburg |<\/title>\n<meta name=\"robots\" content=\"noindex, follow\" \/>\n<meta property=\"og:locale\" content=\"en_US\" \/>\n<meta property=\"og:type\" content=\"article\" \/>\n<meta property=\"og:title\" content=\"Vielen Dank f\u00fcr Ihre Anfrage | DIE MAKLEREI | Immobilienmakler Berlin &amp; Brandenburg |\" \/>\n<meta property=\"og:description\" content=\"Vielen Dank f\u00fcr Ihre Anfrage Wir werden uns schnellstm\u00f6glich bei Ihnen melden!\" \/>\n<meta property=\"og:url\" content=\"https:\/\/maklerei-hartmann.de\/en\/vielen-dank\/\" \/>\n<meta property=\"og:site_name\" content=\"| DIE MAKLEREI | Immobilienmakler Berlin &amp; Brandenburg |\" \/>\n<meta property=\"article:modified_time\" content=\"2022-01-06T16:26:13+00:00\" \/>\n<meta name=\"twitter:card\" content=\"summary_large_image\" \/>\n<script type=\"application\/ld+json\" class=\"yoast-schema-graph\">{\"@context\":\"https:\/\/schema.org\",\"@graph\":[{\"@type\":\"WebPage\",\"@id\":\"https:\/\/maklerei-hartmann.de\/vielen-dank\/\",\"url\":\"https:\/\/maklerei-hartmann.de\/vielen-dank\/\",\"name\":\"Vielen Dank f\u00fcr Ihre Anfrage | DIE MAKLEREI | Immobilienmakler Berlin &amp; Brandenburg |\",\"isPartOf\":{\"@id\":\"https:\/\/maklerei-hartmann.de\/#website\"},\"datePublished\":\"2021-03-07T19:32:47+00:00\",\"dateModified\":\"2022-01-06T16:26:13+00:00\",\"breadcrumb\":{\"@id\":\"https:\/\/maklerei-hartmann.de\/vielen-dank\/#breadcrumb\"},\"inLanguage\":\"en-US\",\"potentialAction\":[{\"@type\":\"ReadAction\",\"target\":[\"https:\/\/maklerei-hartmann.de\/vielen-dank\/\"]}]},{\"@type\":\"BreadcrumbList\",\"@id\":\"https:\/\/maklerei-hartmann.de\/vielen-dank\/#breadcrumb\",\"itemListElement\":[{\"@type\":\"ListItem\",\"position\":1,\"name\":\"Startseite\",\"item\":\"https:\/\/maklerei-hartmann.de\/\"},{\"@type\":\"ListItem\",\"position\":2,\"name\":\"Vielen Dank f\u00fcr Ihre Anfrage\"}]},{\"@type\":\"WebSite\",\"@id\":\"https:\/\/maklerei-hartmann.de\/#website\",\"url\":\"https:\/\/maklerei-hartmann.de\/\",\"name\":\"| DIE MAKLEREI | Immobilienmakler Berlin &amp; Brandenburg |\",\"description\":\"| DIE MAKLEREI | Immobilienmakler Berlin &amp; Brandenburg |\",\"publisher\":{\"@id\":\"https:\/\/maklerei-hartmann.de\/#\/schema\/person\/5fd1c9516b8bc7499880846c5fb92d91\"},\"potentialAction\":[{\"@type\":\"SearchAction\",\"target\":{\"@type\":\"EntryPoint\",\"urlTemplate\":\"https:\/\/maklerei-hartmann.de\/?s={search_term_string}\"},\"query-input\":{\"@type\":\"PropertyValueSpecification\",\"valueRequired\":true,\"valueName\":\"search_term_string\"}}],\"inLanguage\":\"en-US\"},{\"@type\":[\"Person\",\"Organization\"],\"@id\":\"https:\/\/maklerei-hartmann.de\/#\/schema\/person\/5fd1c9516b8bc7499880846c5fb92d91\",\"name\":\"Kai\",\"image\":{\"@type\":\"ImageObject\",\"inLanguage\":\"en-US\",\"@id\":\"https:\/\/maklerei-hartmann.de\/#\/schema\/person\/image\/\",\"url\":\"https:\/\/maklerei-hartmann.de\/wp-content\/uploads\/2021\/03\/DIE-MAKLEREI-fuer-URL-.png\",\"contentUrl\":\"https:\/\/maklerei-hartmann.de\/wp-content\/uploads\/2021\/03\/DIE-MAKLEREI-fuer-URL-.png\",\"width\":999,\"height\":999,\"caption\":\"Kai\"},\"logo\":{\"@id\":\"https:\/\/maklerei-hartmann.de\/#\/schema\/person\/image\/\"},\"sameAs\":[\"https:\/\/maklerei-hartmann.de\"]}]}<\/script>\n<!-- \/ Yoast SEO plugin. -->","yoast_head_json":{"title":"Vielen Dank f\u00fcr Ihre Anfrage | DIE MAKLEREI | Immobilienmakler Berlin &amp; Brandenburg |","robots":{"index":"noindex","follow":"follow"},"og_locale":"en_US","og_type":"article","og_title":"Vielen Dank f\u00fcr Ihre Anfrage | DIE MAKLEREI | Immobilienmakler Berlin &amp; Brandenburg |","og_description":"Vielen Dank f\u00fcr Ihre Anfrage Wir werden uns schnellstm\u00f6glich bei Ihnen melden!","og_url":"https:\/\/maklerei-hartmann.de\/en\/vielen-dank\/","og_site_name":"| DIE MAKLEREI | Immobilienmakler Berlin &amp; Brandenburg |","article_modified_time":"2022-01-06T16:26:13+00:00","twitter_card":"summary_large_image","schema":{"@context":"https:\/\/schema.org","@graph":[{"@type":"WebPage","@id":"https:\/\/maklerei-hartmann.de\/vielen-dank\/","url":"https:\/\/maklerei-hartmann.de\/vielen-dank\/","name":"Vielen Dank f\u00fcr Ihre Anfrage | DIE MAKLEREI | Immobilienmakler Berlin &amp; Brandenburg |","isPartOf":{"@id":"https:\/\/maklerei-hartmann.de\/#website"},"datePublished":"2021-03-07T19:32:47+00:00","dateModified":"2022-01-06T16:26:13+00:00","breadcrumb":{"@id":"https:\/\/maklerei-hartmann.de\/vielen-dank\/#breadcrumb"},"inLanguage":"en-US","potentialAction":[{"@type":"ReadAction","target":["https:\/\/maklerei-hartmann.de\/vielen-dank\/"]}]},{"@type":"BreadcrumbList","@id":"https:\/\/maklerei-hartmann.de\/vielen-dank\/#breadcrumb","itemListElement":[{"@type":"ListItem","position":1,"name":"Startseite","item":"https:\/\/maklerei-hartmann.de\/"},{"@type":"ListItem","position":2,"name":"Vielen Dank f\u00fcr Ihre Anfrage"}]},{"@type":"WebSite","@id":"https:\/\/maklerei-hartmann.de\/#website","url":"https:\/\/maklerei-hartmann.de\/","name":"| DIE MAKLEREI | Immobilienmakler Berlin &amp; Brandenburg |","description":"| DIE MAKLEREI | Immobilienmakler Berlin &amp; Brandenburg |","publisher":{"@id":"https:\/\/maklerei-hartmann.de\/#\/schema\/person\/5fd1c9516b8bc7499880846c5fb92d91"},"potentialAction":[{"@type":"SearchAction","target":{"@type":"EntryPoint","urlTemplate":"https:\/\/maklerei-hartmann.de\/?s={search_term_string}"},"query-input":{"@type":"PropertyValueSpecification","valueRequired":true,"valueName":"search_term_string"}}],"inLanguage":"en-US"},{"@type":["Person","Organization"],"@id":"https:\/\/maklerei-hartmann.de\/#\/schema\/person\/5fd1c9516b8bc7499880846c5fb92d91","name":"Kai","image":{"@type":"ImageObject","inLanguage":"en-US","@id":"https:\/\/maklerei-hartmann.de\/#\/schema\/person\/image\/","url":"https:\/\/maklerei-hartmann.de\/wp-content\/uploads\/2021\/03\/DIE-MAKLEREI-fuer-URL-.png","contentUrl":"https:\/\/maklerei-hartmann.de\/wp-content\/uploads\/2021\/03\/DIE-MAKLEREI-fuer-URL-.png","width":999,"height":999,"caption":"Kai"},"logo":{"@id":"https:\/\/maklerei-hartmann.de\/#\/schema\/person\/image\/"},"sameAs":["https:\/\/maklerei-hartmann.de"]}]}},"_links":{"self":[{"href":"https:\/\/maklerei-hartmann.de\/en\/wp-json\/wp\/v2\/pages\/2719","targetHints":{"allow":["GET"]}}],"collection":[{"href":"https:\/\/maklerei-hartmann.de\/en\/wp-json\/wp\/v2\/pages"}],"about":[{"href":"https:\/\/maklerei-hartmann.de\/en\/wp-json\/wp\/v2\/types\/page"}],"author":[{"embeddable":true,"href":"https:\/\/maklerei-hartmann.de\/en\/wp-json\/wp\/v2\/users\/1"}],"replies":[{"embeddable":true,"href":"https:\/\/maklerei-hartmann.de\/en\/wp-json\/wp\/v2\/comments?post=2719"}],"version-history":[{"count":5,"href":"https:\/\/maklerei-hartmann.de\/en\/wp-json\/wp\/v2\/pages\/2719\/revisions"}],"predecessor-version":[{"id":3149,"href":"https:\/\/maklerei-hartmann.de\/en\/wp-json\/wp\/v2\/pages\/2719\/revisions\/3149"}],"wp:attachment":[{"href":"https:\/\/maklerei-hartmann.de\/en\/wp-json\/wp\/v2\/media?parent=2719"}],"curies":[{"name":"wp","href":"https:\/\/api.w.org\/{rel}","templated":true}]}}